{"id":2,"date":"2025-11-15T18:54:39","date_gmt":"2025-11-15T18:54:39","guid":{"rendered":"http:\/\/mnktylr.cluster100.hosting.ovh.net\/?page_id=2"},"modified":"2025-11-27T11:10:15","modified_gmt":"2025-11-27T11:10:15","slug":"acceuil","status":"publish","type":"page","link":"https:\/\/www.netionx.com\/","title":{"rendered":"Acceuil"},"content":{"rendered":"\n<h2 class=\"wp-block-heading has-text-align-left\"><strong><strong>Nous aidons les petites entreprises, les environnements exigeants et les utilisateurs en auto-conservation (self-custody) \u00e0 s\u00e9curiser et simplifier leur infrastructure informatique et num\u00e9rique.<\/strong><\/strong><\/h2>\n\n\n\n<div class=\"wp-block-group is-layout-grid wp-container-core-group-is-layout-e830587c wp-block-group-is-layout-grid\">\n<p><strong>Audits de s\u00e9curit\u00e9<\/strong><br><\/p>\n\n\n\n<p><strong>Virtualisation<\/strong><br><\/p>\n\n\n\n<p><strong>R\u00e9seaux<\/strong><br><\/p>\n\n\n\n<p><strong>Backup<\/strong><br><\/p>\n\n\n\n<p><strong>Linux Server<br><\/strong><\/p>\n\n\n\n<p><strong>Windows Server<\/strong><br><\/p>\n\n\n\n<p><strong>Workflows num\u00e9riques<\/strong><br><\/p>\n\n\n\n<p class=\"wp-container-content-4471a044\"><strong>Protection des postes de travail<br><\/strong><\/p>\n\n\n\n<p><strong>Analyse d\u2019informations ouvertes (OSINT)<\/strong><br><\/p>\n\n\n\n<p class=\"wp-container-content-4471a044\"><strong>Infrastructures Bitcoin<\/strong><br><\/p>\n\n\n\n<p class=\"wp-container-content-4471a044\"><strong>Web &amp; Cloud<\/strong><\/p>\n\n\n\n<p class=\"wp-container-content-4471a044\"><strong>R\u00e9solution de probl\u00e8mes IT<\/strong><\/p>\n<\/div>\n\n\n\n<div style=\"height:32px\" aria-hidden=\"true\" class=\"wp-block-spacer\"><\/div>\n\n\n\n<blockquote class=\"wp-block-quote is-layout-flow wp-block-quote-is-layout-flow\">\n<p>Chez NETION.X, nous apportons des solutions \u00e0 la source, avec une discr\u00e9tion absolue et une approche strictement orient\u00e9e s\u00e9curit\u00e9.<\/p>\n<\/blockquote>\n\n\n\n<div style=\"height:31px\" aria-hidden=\"true\" class=\"wp-block-spacer\"><\/div>\n\n\n\n<h2 class=\"wp-block-heading\"><strong>Pour une consultation, un audit ou une demande d\u2019information :<\/strong><\/h2>\n\n\n\n<div class=\"wp-block-buttons is-layout-flex wp-block-buttons-is-layout-flex\">\n<div class=\"wp-block-button is-style-outline is-style-outline--1\"><a class=\"wp-block-button__link wp-element-button\" href=\"mailto:info@netionx.com\"><strong>MAIL <\/strong><\/a><\/div>\n<\/div>\n\n\n\n<div style=\"height:21px\" aria-hidden=\"true\" class=\"wp-block-spacer\"><\/div>\n\n\n\n<p>\ud83d\udcde Disponible sur demande, apr\u00e8s premier contact par mail.<\/p>\n\n\n\n<p>\ud83d\udccd4852 &#8211; Hombourg ( Li\u00e8ge ) &#8211; Belgique<\/p>\n\n\n\n<p>PGP FP : 1cf26123c4dcf2abaa239d9294c037a1597680bf<br><a href=\"https:\/\/www.netionx.com\/wp-content\/uploads\/publickey.info@netionx.com-1cf26123c4dcf2abaa239d9294c037a1597680bf.asc\">PGP Public KEY<\/a><\/p>\n\n\n\n<div style=\"height:29px\" aria-hidden=\"true\" class=\"wp-block-spacer\"><\/div>\n\n\n\n<p><\/p>\n","protected":false},"excerpt":{"rendered":"<p>Nous aidons les petites entreprises, les environnements exigeants et les utilisateurs en auto-conservation (self-custody) \u00e0 s\u00e9curiser et simplifier leur infrastructure informatique et num\u00e9rique. Audits de s\u00e9curit\u00e9 Virtualisation R\u00e9seaux Backup Linux Server Windows Server Workflows num\u00e9riques Protection des postes de travail Analyse d\u2019informations ouvertes (OSINT) Infrastructures Bitcoin Web &amp; Cloud R\u00e9solution de probl\u00e8mes IT Chez NETION.X,<span class=\"post-excerpt-end\">&hellip;<\/span><\/p>\n<p class=\"more-link\"><a href=\"https:\/\/www.netionx.com\/\" class=\"themebutton\">Read More<\/a><\/p>\n","protected":false},"author":1,"featured_media":0,"parent":0,"menu_order":0,"comment_status":"closed","ping_status":"closed","template":"","meta":{"footnotes":""},"class_list":["post-2","page","type-page","status-publish","hentry"],"_links":{"self":[{"href":"https:\/\/www.netionx.com\/index.php\/wp-json\/wp\/v2\/pages\/2","targetHints":{"allow":["GET"]}}],"collection":[{"href":"https:\/\/www.netionx.com\/index.php\/wp-json\/wp\/v2\/pages"}],"about":[{"href":"https:\/\/www.netionx.com\/index.php\/wp-json\/wp\/v2\/types\/page"}],"author":[{"embeddable":true,"href":"https:\/\/www.netionx.com\/index.php\/wp-json\/wp\/v2\/users\/1"}],"replies":[{"embeddable":true,"href":"https:\/\/www.netionx.com\/index.php\/wp-json\/wp\/v2\/comments?post=2"}],"version-history":[{"count":104,"href":"https:\/\/www.netionx.com\/index.php\/wp-json\/wp\/v2\/pages\/2\/revisions"}],"predecessor-version":[{"id":209,"href":"https:\/\/www.netionx.com\/index.php\/wp-json\/wp\/v2\/pages\/2\/revisions\/209"}],"wp:attachment":[{"href":"https:\/\/www.netionx.com\/index.php\/wp-json\/wp\/v2\/media?parent=2"}],"curies":[{"name":"wp","href":"https:\/\/api.w.org\/{rel}","templated":true}]}}